{"id":5533,"date":"2022-01-13T10:53:36","date_gmt":"2022-01-13T09:53:36","guid":{"rendered":"https:\/\/www.lighteam.de\/?page_id=5533"},"modified":"2022-01-13T10:53:37","modified_gmt":"2022-01-13T09:53:37","slug":"kariera","status":"publish","type":"page","link":"https:\/\/www.lighteam.de\/de\/kariera\/","title":{"rendered":"kari\u00e9ra"},"content":{"rendered":"","protected":false},"excerpt":{"rendered":"","protected":false},"author":1,"featured_media":0,"parent":0,"menu_order":0,"comment_status":"closed","ping_status":"closed","template":"","meta":{"_et_pb_use_builder":"","_et_pb_old_content":"","_et_gb_content_width":"","_monsterinsights_skip_tracking":false,"_monsterinsights_sitenote_active":false,"_monsterinsights_sitenote_note":"","_monsterinsights_sitenote_category":0},"acf":[],"yoast_head":"<!-- This site is optimized with the Yoast SEO plugin v19.0 - https:\/\/yoast.com\/wordpress\/plugins\/seo\/ -->\n<title>kari\u00e9ra - lighteam<\/title>\n<meta name=\"robots\" content=\"index, follow, max-snippet:-1, max-image-preview:large, max-video-preview:-1\" \/>\n<link rel=\"canonical\" href=\"https:\/\/www.lighteam.de\/de\/kariera\/\" \/>\n<meta property=\"og:locale\" content=\"de_DE\" \/>\n<meta property=\"og:type\" content=\"article\" \/>\n<meta property=\"og:title\" content=\"kari\u00e9ra - lighteam\" \/>\n<meta property=\"og:url\" content=\"https:\/\/www.lighteam.de\/de\/kariera\/\" \/>\n<meta property=\"og:site_name\" content=\"lighteam\" \/>\n<meta property=\"article:modified_time\" content=\"2022-01-13T09:53:37+00:00\" \/>\n<meta name=\"twitter:card\" content=\"summary_large_image\" \/>\n<script type=\"application\/ld+json\" class=\"yoast-schema-graph\">{\"@context\":\"https:\/\/schema.org\",\"@graph\":[{\"@type\":\"WebSite\",\"@id\":\"https:\/\/www.lighteam.de\/#website\",\"url\":\"https:\/\/www.lighteam.de\/\",\"name\":\"lighteam\",\"description\":\"Len \u010fal\u0161ia WordPress str\u00e1nka\",\"potentialAction\":[{\"@type\":\"SearchAction\",\"target\":{\"@type\":\"EntryPoint\",\"urlTemplate\":\"https:\/\/www.lighteam.de\/?s={search_term_string}\"},\"query-input\":\"required name=search_term_string\"}],\"inLanguage\":\"de\"},{\"@type\":\"WebPage\",\"@id\":\"https:\/\/www.lighteam.de\/kariera\/#webpage\",\"url\":\"https:\/\/www.lighteam.de\/kariera\/\",\"name\":\"kari\u00e9ra - lighteam\",\"isPartOf\":{\"@id\":\"https:\/\/www.lighteam.de\/#website\"},\"datePublished\":\"2022-01-13T09:53:36+00:00\",\"dateModified\":\"2022-01-13T09:53:37+00:00\",\"breadcrumb\":{\"@id\":\"https:\/\/www.lighteam.de\/kariera\/#breadcrumb\"},\"inLanguage\":\"de\",\"potentialAction\":[{\"@type\":\"ReadAction\",\"target\":[\"https:\/\/www.lighteam.de\/kariera\/\"]}]},{\"@type\":\"BreadcrumbList\",\"@id\":\"https:\/\/www.lighteam.de\/kariera\/#breadcrumb\",\"itemListElement\":[{\"@type\":\"ListItem\",\"position\":1,\"name\":\"Home\",\"item\":\"https:\/\/www.lighteam.de\/\"},{\"@type\":\"ListItem\",\"position\":2,\"name\":\"kari\u00e9ra\"}]}]}<\/script>\n<!-- \/ Yoast SEO plugin. -->","yoast_head_json":{"title":"kari\u00e9ra - lighteam","robots":{"index":"index","follow":"follow","max-snippet":"max-snippet:-1","max-image-preview":"max-image-preview:large","max-video-preview":"max-video-preview:-1"},"canonical":"https:\/\/www.lighteam.de\/de\/kariera\/","og_locale":"de_DE","og_type":"article","og_title":"kari\u00e9ra - lighteam","og_url":"https:\/\/www.lighteam.de\/de\/kariera\/","og_site_name":"lighteam","article_modified_time":"2022-01-13T09:53:37+00:00","twitter_card":"summary_large_image","schema":{"@context":"https:\/\/schema.org","@graph":[{"@type":"WebSite","@id":"https:\/\/www.lighteam.de\/#website","url":"https:\/\/www.lighteam.de\/","name":"lighteam","description":"Len \u010fal\u0161ia WordPress str\u00e1nka","potentialAction":[{"@type":"SearchAction","target":{"@type":"EntryPoint","urlTemplate":"https:\/\/www.lighteam.de\/?s={search_term_string}"},"query-input":"required name=search_term_string"}],"inLanguage":"de"},{"@type":"WebPage","@id":"https:\/\/www.lighteam.de\/kariera\/#webpage","url":"https:\/\/www.lighteam.de\/kariera\/","name":"kari\u00e9ra - lighteam","isPartOf":{"@id":"https:\/\/www.lighteam.de\/#website"},"datePublished":"2022-01-13T09:53:36+00:00","dateModified":"2022-01-13T09:53:37+00:00","breadcrumb":{"@id":"https:\/\/www.lighteam.de\/kariera\/#breadcrumb"},"inLanguage":"de","potentialAction":[{"@type":"ReadAction","target":["https:\/\/www.lighteam.de\/kariera\/"]}]},{"@type":"BreadcrumbList","@id":"https:\/\/www.lighteam.de\/kariera\/#breadcrumb","itemListElement":[{"@type":"ListItem","position":1,"name":"Home","item":"https:\/\/www.lighteam.de\/"},{"@type":"ListItem","position":2,"name":"kari\u00e9ra"}]}]}},"_links":{"self":[{"href":"https:\/\/www.lighteam.de\/de\/wp-json\/wp\/v2\/pages\/5533"}],"collection":[{"href":"https:\/\/www.lighteam.de\/de\/wp-json\/wp\/v2\/pages"}],"about":[{"href":"https:\/\/www.lighteam.de\/de\/wp-json\/wp\/v2\/types\/page"}],"author":[{"embeddable":true,"href":"https:\/\/www.lighteam.de\/de\/wp-json\/wp\/v2\/users\/1"}],"replies":[{"embeddable":true,"href":"https:\/\/www.lighteam.de\/de\/wp-json\/wp\/v2\/comments?post=5533"}],"version-history":[{"count":1,"href":"https:\/\/www.lighteam.de\/de\/wp-json\/wp\/v2\/pages\/5533\/revisions"}],"predecessor-version":[{"id":5534,"href":"https:\/\/www.lighteam.de\/de\/wp-json\/wp\/v2\/pages\/5533\/revisions\/5534"}],"wp:attachment":[{"href":"https:\/\/www.lighteam.de\/de\/wp-json\/wp\/v2\/media?parent=5533"}],"curies":[{"name":"wp","href":"https:\/\/api.w.org\/{rel}","templated":true}]}}